{"id":2164,"date":"2024-04-16T12:01:11","date_gmt":"2024-04-16T10:01:11","guid":{"rendered":"https:\/\/www.meyer-umzuege.de\/imprint\/"},"modified":"2024-05-14T14:59:02","modified_gmt":"2024-05-14T12:59:02","slug":"imprint","status":"publish","type":"page","link":"https:\/\/www.meyer-umzuege.de\/en\/imprint\/","title":{"rendered":"Imprint"},"content":{"rendered":"\t\t<div data-elementor-type=\"wp-page\" data-elementor-id=\"2164\" class=\"elementor elementor-2164 elementor-189\" data-elementor-post-type=\"page\">\n\t\t\t\t<div class=\"elementor-element elementor-element-7788ac32 e-flex e-con-boxed e-con e-parent\" data-id=\"7788ac32\" data-element_type=\"container\" data-e-type=\"container\" data-settings=\"{&quot;background_background&quot;:&quot;classic&quot;}\">\n\t\t\t\t\t<div class=\"e-con-inner\">\n\t\t\t\t<div class=\"elementor-element elementor-element-3901737e elementor-widget-tablet__width-inherit elementor-widget elementor-widget-heading\" data-id=\"3901737e\" data-element_type=\"widget\" data-e-type=\"widget\" data-widget_type=\"heading.default\">\n\t\t\t\t<div class=\"elementor-widget-container\">\n\t\t\t\t\t<h1 class=\"elementor-heading-title elementor-size-default\">Imprint<\/h1>\t\t\t\t<\/div>\n\t\t\t\t<\/div>\n\t\t\t\t\t<\/div>\n\t\t\t\t<\/div>\n\t\t<div class=\"elementor-element elementor-element-3f98f778 e-flex e-con-boxed e-con e-parent\" data-id=\"3f98f778\" data-element_type=\"container\" data-e-type=\"container\">\n\t\t\t\t\t<div class=\"e-con-inner\">\n\t\t<div class=\"elementor-element elementor-element-14d62a55 e-con-full e-flex e-con e-child\" data-id=\"14d62a55\" data-element_type=\"container\" data-e-type=\"container\">\n\t\t\t\t<div class=\"elementor-element elementor-element-7529d34e elementor-widget elementor-widget-heading\" data-id=\"7529d34e\" data-element_type=\"widget\" data-e-type=\"widget\" data-widget_type=\"heading.default\">\n\t\t\t\t<div class=\"elementor-widget-container\">\n\t\t\t\t\t<h2 class=\"elementor-heading-title elementor-size-default\">Meyer International e.K.<br>\nMovings and transportation<\/h2>\t\t\t\t<\/div>\n\t\t\t\t<\/div>\n\t\t\t\t<div class=\"elementor-element elementor-element-5d673b1a elementor-widget elementor-widget-text-editor\" data-id=\"5d673b1a\" data-element_type=\"widget\" data-e-type=\"widget\" data-widget_type=\"text-editor.default\">\n\t\t\t\t<div class=\"elementor-widget-container\">\n\t\t\t\t\t\t\t\t\t<p><strong><span class=\"font-weight-bold\">Owner and contact person for content:<\/span><\/strong><br \/>Maik Heinrich Meyer<\/p>\n<p><strong><span class=\"font-weight-bold\">Address<\/span><\/strong><br \/>Wedauer Street 7<br \/>41836 H\u00fcckelhoven<\/p>\n<p><strong><span class=\"font-weight-bold\">Contact us<\/span><\/strong><br \/>+49 (0) 24 62 \/ 20 60 16-0<br \/>info@meyer-umzuege.de<\/p>\n\t\t\t\t\t\t\t\t<\/div>\n\t\t\t\t<\/div>\n\t\t\t\t<\/div>\n\t\t<div class=\"elementor-element elementor-element-8de0fa5 e-con-full e-flex e-con e-child\" data-id=\"8de0fa5\" data-element_type=\"container\" data-e-type=\"container\">\n\t\t\t\t<div class=\"elementor-element elementor-element-636ed62b elementor-widget elementor-widget-text-editor\" data-id=\"636ed62b\" data-element_type=\"widget\" data-e-type=\"widget\" data-widget_type=\"text-editor.default\">\n\t\t\t\t<div class=\"elementor-widget-container\">\n\t\t\t\t\t\t\t\t\t<p><strong><span class=\"font-weight-bold\">Local court<\/span><\/strong><br \/>M\u00f6nchengladbach, HRA 9559<\/p>\n<p><strong><span class=\"font-weight-bold\">VAT ID no:<\/span><\/strong><br \/>DE 254 337 228<\/p>\n<p><strong><span class=\"font-weight-bold\">Business-Id-No.:<\/span><\/strong><br \/>96 945 021 788<\/p>\n<p><strong><span class=\"font-weight-bold\">Supervisory authority:<\/span><\/strong><br \/>IHK Aachen<br \/><a href=\"https:\/\/www.aachen.ihk.de\/\" target=\"_blank\" rel=\"noopener\">www.aachen.ihk.de<\/a><\/p>\n<p><strong><span class=\"font-weight-bold\">Web design &amp; support:<\/span><\/strong><br \/><a href=\"https:\/\/firstbranding.de\/\" target=\"_blank\" rel=\"noopener\">FIRSTBRANDING<\/a><\/p>\n\t\t\t\t\t\t\t\t<\/div>\n\t\t\t\t<\/div>\n\t\t\t\t<\/div>\n\t\t\t\t\t<\/div>\n\t\t\t\t<\/div>\n\t\t<div class=\"elementor-element elementor-element-7ea09e66 e-flex e-con-boxed e-con e-parent\" data-id=\"7ea09e66\" data-element_type=\"container\" data-e-type=\"container\">\n\t\t\t\t\t<div class=\"e-con-inner\">\n\t\t<div class=\"elementor-element elementor-element-6ae37f49 e-con-full e-flex e-con e-child\" data-id=\"6ae37f49\" data-element_type=\"container\" data-e-type=\"container\">\n\t\t\t\t<div class=\"elementor-element elementor-element-68cacd2e elementor-widget elementor-widget-text-editor\" data-id=\"68cacd2e\" data-element_type=\"widget\" data-e-type=\"widget\" data-widget_type=\"text-editor.default\">\n\t\t\t\t<div class=\"elementor-widget-container\">\n\t\t\t\t\t\t\t\t\t<p><strong><span class=\"textfarbig\">Content of this website:<\/span><\/strong><br \/>The content of this website has been created with the greatest possible care. However, we assume no liability for the accuracy, completeness and timeliness of the content provided. Liability claims against us relating to material or immaterial damage caused by the use or non-use of the information provided or by the use of incorrect or incomplete information are fundamentally excluded, unless there is evidence of wilful intent or gross negligence on our part.<\/p>\n<p><strong><span class=\"textfarbig\">References and links:<\/span><\/strong><br \/>Despite careful control of the content, we assume no liability for direct or indirect links. We hereby expressly distance ourselves from external websites and their content. The operators of the linked pages are solely responsible for their content.<\/p>\n<p>The contracted mover is obliged to participate in dispute resolution proceedings before a consumer arbitration board. The &#8220;Schlichtungsstelle Umzug&#8221; at the Bundesverband M\u00f6belspedition und Logistik (AM\u00d6) e.V., Schulstra\u00dfe 53, 65795 Hattersheim, <a href=\"http:\/\/www.schlichtungsstelle-umzug.de\/\" target=\"_blank\" rel=\"noopener\">www.schlichtungsstelle-umzug.de<\/a>, is responsible for this.<\/p>\n\t\t\t\t\t\t\t\t<\/div>\n\t\t\t\t<\/div>\n\t\t\t\t<\/div>\n\t\t\t\t\t<\/div>\n\t\t\t\t<\/div>\n\t\t\t\t<\/div>\n\t\t","protected":false},"excerpt":{"rendered":"<p>Imprint Meyer International e.K. Movings and transportation Owner and contact person for content:Maik Heinrich Meyer AddressWedauer Street 741836 H\u00fcckelhoven Contact us+49 (0) 24 62 \/ 20 60 16-0info@meyer-umzuege.de Local courtM\u00f6nchengladbach, HRA 9559 VAT ID no:DE 254 337 228 Business-Id-No.:96 945 021 788 Supervisory authority:IHK Aachenwww.aachen.ihk.de Web design &amp; support:FIRSTBRANDING Content of this website:The content of [&hellip;]<\/p>\n","protected":false},"author":1,"featured_media":0,"parent":0,"menu_order":0,"comment_status":"closed","ping_status":"closed","template":"","meta":{"footnotes":""},"class_list":["post-2164","page","type-page","status-publish","hentry"],"_links":{"self":[{"href":"https:\/\/www.meyer-umzuege.de\/en\/wp-json\/wp\/v2\/pages\/2164","targetHints":{"allow":["GET"]}}],"collection":[{"href":"https:\/\/www.meyer-umzuege.de\/en\/wp-json\/wp\/v2\/pages"}],"about":[{"href":"https:\/\/www.meyer-umzuege.de\/en\/wp-json\/wp\/v2\/types\/page"}],"author":[{"embeddable":true,"href":"https:\/\/www.meyer-umzuege.de\/en\/wp-json\/wp\/v2\/users\/1"}],"replies":[{"embeddable":true,"href":"https:\/\/www.meyer-umzuege.de\/en\/wp-json\/wp\/v2\/comments?post=2164"}],"version-history":[{"count":5,"href":"https:\/\/www.meyer-umzuege.de\/en\/wp-json\/wp\/v2\/pages\/2164\/revisions"}],"predecessor-version":[{"id":2210,"href":"https:\/\/www.meyer-umzuege.de\/en\/wp-json\/wp\/v2\/pages\/2164\/revisions\/2210"}],"wp:attachment":[{"href":"https:\/\/www.meyer-umzuege.de\/en\/wp-json\/wp\/v2\/media?parent=2164"}],"curies":[{"name":"wp","href":"https:\/\/api.w.org\/{rel}","templated":true}]}}